{"id":2,"date":"2025-12-16T06:20:04","date_gmt":"2025-12-16T05:20:04","guid":{"rendered":"https:\/\/artesanto.hostiw2.com\/4d\/?page_id=2"},"modified":"2025-12-16T07:13:30","modified_gmt":"2025-12-16T06:13:30","slug":"home","status":"publish","type":"page","link":"https:\/\/artesanto.hostiw2.com\/4d\/","title":{"rendered":"Home"},"content":{"rendered":"\n<div class=\"wp-block-uagb-container uagb-block-879f43a9 alignfull uagb-is-root-container\"><div class=\"uagb-container-inner-blocks-wrap\"><\/div><\/div>\n\n\n\n<div class=\"wp-block-uagb-container uagb-block-296f2810 default uagb-is-root-container\">\n<div class=\"wp-block-uagb-advanced-heading uagb-block-ad90c9ed\"><h2 class=\"uagb-heading-text\">\u00bfQui\u00e9nes Somos?<\/h2><p class=\"uagb-desc-text\">CUATRO Desarrollos (\u201c4D\u201d), es una empresa desarrolladora de proyectos inmobiliarios, con oficinas en Monterrey, N.L., Quer\u00e9taro, Qro., y San Miguel de Allende, Gto. Aunque la especialidad de 4D son los desarrollos residenciales para casas de primer hogar y casas de fin de semana, tambi\u00e9n ha participado en proyectos inmobiliarios, comerciales e industriales.<\/p><\/div>\n<\/div>\n\n\n\n<div class=\"wp-block-uagb-container uagb-block-0ef8c3f4 alignfull uagb-is-root-container\"><div class=\"uagb-container-inner-blocks-wrap\">\n<div class=\"wp-block-uagb-container uagb-block-48cae731\">\n<div class=\"wp-block-uagb-info-box uagb-block-3f5a39ca uagb-infobox__content-wrap  uagb-infobox-icon-above-title uagb-infobox-image-valign-top\"><div class=\"uagb-ifb-content\"><div class=\"uagb-ifb-image-content\"><img decoding=\"async\" src=\"https:\/\/artesanto.hostiw2.com\/4d\/wp-content\/uploads\/2025\/12\/monterrey.png\" alt=\"\" width=\"\" height=\"0\" loading=\"lazy\"\/><\/div><div class=\"uagb-ifb-title-wrap\"><h3 class=\"uagb-ifb-title\">MONTERREY N.L.<\/h3><\/div><\/div><\/div>\n<\/div>\n\n\n\n<div class=\"wp-block-uagb-container uagb-block-849564c0\">\n<div class=\"wp-block-uagb-info-box uagb-block-14557211 uagb-infobox__content-wrap  uagb-infobox-icon-above-title uagb-infobox-image-valign-top\"><div class=\"uagb-ifb-content\"><div class=\"uagb-ifb-image-content\"><img decoding=\"async\" src=\"https:\/\/artesanto.hostiw2.com\/4d\/wp-content\/uploads\/2025\/12\/qro.png\" alt=\"\" width=\"\" height=\"0\" loading=\"lazy\"\/><\/div><div class=\"uagb-ifb-title-wrap\"><h3 class=\"uagb-ifb-title\">QUER\u00c9TARO<\/h3><\/div><\/div><\/div>\n<\/div>\n\n\n\n<div class=\"wp-block-uagb-container uagb-block-2ae5b410\">\n<div class=\"wp-block-uagb-info-box uagb-block-36159d4d uagb-infobox__content-wrap  uagb-infobox-icon-above-title uagb-infobox-image-valign-top\"><div class=\"uagb-ifb-content\"><div class=\"uagb-ifb-image-content\"><img decoding=\"async\" src=\"https:\/\/artesanto.hostiw2.com\/4d\/wp-content\/uploads\/2025\/12\/sma.png\" alt=\"\" width=\"\" height=\"0\" loading=\"lazy\"\/><\/div><div class=\"uagb-ifb-title-wrap\"><h3 class=\"uagb-ifb-title\">SAN MIGUEL DE ALLENDE<\/h3><\/div><\/div><\/div>\n<\/div>\n<\/div><\/div>\n\n\n\n<div class=\"wp-block-uagb-container uagb-block-d1674931 alignfull uagb-is-root-container\"><div class=\"uagb-container-inner-blocks-wrap\">\n<div class=\"wp-block-uagb-advanced-heading uagb-block-85e9f56f\"><h2 class=\"uagb-heading-text\">Experiencia<\/h2><p class=\"uagb-desc-text\">El modelo de negocio que frecuentemente utiliza 4D, es el de buscar terrenos en zonas en crecimiento, pudiendo desarrollar el proyecto de forma inmediata, y en donde el due\u00f1o de la tierra est\u00e9 dispuesto a aportar el inmueble a un fideicomiso para que 4D lo desarrolle. Enfocando sus recursos en la urbanizaci\u00f3n, construcci\u00f3n y promoci\u00f3n de los proyectos, 4D logra detonar comercialmente los proyectos inmobiliarios en los que participa, demostrando solidez y salud financiera, transmitiendo de esta forma seguridad a los clientes, inversionistas, autoridades, proveedores y socios comerciales.<\/p><\/div>\n\n\n\n<div class=\"wp-block-uagb-image uagb-block-48f10148 wp-block-uagb-image--layout-default wp-block-uagb-image--effect-static wp-block-uagb-image--align-none\"><figure class=\"wp-block-uagb-image__figure\"><img decoding=\"async\" srcset=\"https:\/\/artesanto.hostiw2.com\/4d\/wp-content\/uploads\/2025\/12\/diagrama.png ,https:\/\/artesanto.hostiw2.com\/4d\/wp-content\/uploads\/2025\/12\/diagrama.png 780w, https:\/\/artesanto.hostiw2.com\/4d\/wp-content\/uploads\/2025\/12\/diagrama.png 360w\" sizes=\"auto, (max-width: 480px) 150px\" src=\"https:\/\/artesanto.hostiw2.com\/4d\/wp-content\/uploads\/2025\/12\/diagrama.png\" alt=\"\" class=\"uag-image-39\" width=\"600\" height=\"494\" title=\"diagrama\" loading=\"lazy\" role=\"img\"\/><\/figure><\/div>\n<\/div><\/div>\n\n\n\n<div class=\"wp-block-uagb-container uagb-block-5ab6906a alignfull uagb-is-root-container\"><div class=\"uagb-container-inner-blocks-wrap\">\n<div class=\"wp-block-uagb-advanced-heading uagb-block-0052d6df\"><h2 class=\"uagb-heading-text\">Desarrollos<\/h2><\/div>\n<\/div><\/div>\n\n\n\n<div class=\"wp-block-uagb-container uagb-block-13dd4e80 alignfull uagb-is-root-container\">\n<div class=\"wp-block-uagb-container uagb-block-741612c2\">\n<div class=\"wp-block-uagb-image uagb-block-62560a4b wp-block-uagb-image--layout-default wp-block-uagb-image--effect-static wp-block-uagb-image--align-none\"><figure class=\"wp-block-uagb-image__figure\"><img decoding=\"async\" srcset=\"https:\/\/artesanto.hostiw2.com\/4d\/wp-content\/uploads\/2025\/12\/artesanto.png ,https:\/\/artesanto.hostiw2.com\/4d\/wp-content\/uploads\/2025\/12\/artesanto.png 780w, https:\/\/artesanto.hostiw2.com\/4d\/wp-content\/uploads\/2025\/12\/artesanto.png 360w\" sizes=\"auto, (max-width: 480px) 150px\" src=\"https:\/\/artesanto.hostiw2.com\/4d\/wp-content\/uploads\/2025\/12\/artesanto.png\" alt=\"\" class=\"uag-image-47\" width=\"258\" height=\"258\" title=\"artesanto\" loading=\"lazy\" role=\"img\"\/><\/figure><\/div>\n\n\n\n<div class=\"wp-block-uagb-image uagb-block-c082d587 wp-block-uagb-image--layout-default wp-block-uagb-image--effect-static wp-block-uagb-image--align-none\"><figure class=\"wp-block-uagb-image__figure\"><img decoding=\"async\" srcset=\"https:\/\/artesanto.hostiw2.com\/4d\/wp-content\/uploads\/2025\/12\/logo-arte.png ,https:\/\/artesanto.hostiw2.com\/4d\/wp-content\/uploads\/2025\/12\/logo-arte.png 780w, https:\/\/artesanto.hostiw2.com\/4d\/wp-content\/uploads\/2025\/12\/logo-arte.png 360w\" sizes=\"auto, (max-width: 480px) 150px\" src=\"https:\/\/artesanto.hostiw2.com\/4d\/wp-content\/uploads\/2025\/12\/logo-arte.png\" alt=\"\" class=\"uag-image-42\" width=\"257\" height=\"68\" title=\"logo-arte\" loading=\"lazy\" role=\"img\"\/><\/figure><\/div>\n\n\n\n<div class=\"wp-block-uagb-buttons uagb-buttons__outer-wrap uagb-btn__default-btn uagb-btn-tablet__default-btn uagb-btn-mobile__default-btn uagb-block-1cf34673\"><div class=\"uagb-buttons__wrap uagb-buttons-layout-wrap \">\n<div class=\"wp-block-uagb-buttons-child uagb-buttons__outer-wrap uagb-block-eea03bd6 wp-block-button\"><div class=\"uagb-button__wrapper\"><a class=\"uagb-buttons-repeater wp-block-button__link\" aria-label=\"\" href=\"#\" rel=\"follow noopener\" target=\"_self\" role=\"button\"><div class=\"uagb-button__link\">VER M\u00c1S<\/div><\/a><\/div><\/div>\n<\/div><\/div>\n<\/div>\n\n\n\n<div class=\"wp-block-uagb-container uagb-block-d5196b46\">\n<div class=\"wp-block-uagb-image uagb-block-ae6be427 wp-block-uagb-image--layout-default wp-block-uagb-image--effect-static wp-block-uagb-image--align-none\"><figure class=\"wp-block-uagb-image__figure\"><img decoding=\"async\" srcset=\"https:\/\/artesanto.hostiw2.com\/4d\/wp-content\/uploads\/2025\/12\/circulo.png ,https:\/\/artesanto.hostiw2.com\/4d\/wp-content\/uploads\/2025\/12\/circulo.png 780w, https:\/\/artesanto.hostiw2.com\/4d\/wp-content\/uploads\/2025\/12\/circulo.png 360w\" sizes=\"auto, (max-width: 480px) 150px\" src=\"https:\/\/artesanto.hostiw2.com\/4d\/wp-content\/uploads\/2025\/12\/circulo.png\" alt=\"\" class=\"uag-image-48\" width=\"258\" height=\"258\" title=\"circulo\" loading=\"lazy\" role=\"img\"\/><\/figure><\/div>\n\n\n\n<div class=\"wp-block-uagb-image uagb-block-fbd42b96 wp-block-uagb-image--layout-default wp-block-uagb-image--effect-static wp-block-uagb-image--align-none\"><figure class=\"wp-block-uagb-image__figure\"><img decoding=\"async\" srcset=\"https:\/\/artesanto.hostiw2.com\/4d\/wp-content\/uploads\/2025\/12\/logo-distrito.png ,https:\/\/artesanto.hostiw2.com\/4d\/wp-content\/uploads\/2025\/12\/logo-distrito.png 780w, https:\/\/artesanto.hostiw2.com\/4d\/wp-content\/uploads\/2025\/12\/logo-distrito.png 360w\" sizes=\"auto, (max-width: 480px) 150px\" src=\"https:\/\/artesanto.hostiw2.com\/4d\/wp-content\/uploads\/2025\/12\/logo-distrito.png\" alt=\"\" class=\"uag-image-45\" width=\"149\" height=\"58\" title=\"logo-distrito\" loading=\"lazy\" role=\"img\"\/><\/figure><\/div>\n\n\n\n<div class=\"wp-block-uagb-buttons uagb-buttons__outer-wrap uagb-btn__default-btn uagb-btn-tablet__default-btn uagb-btn-mobile__default-btn uagb-block-0a3204ab\"><div class=\"uagb-buttons__wrap uagb-buttons-layout-wrap \">\n<div class=\"wp-block-uagb-buttons-child uagb-buttons__outer-wrap uagb-block-dea80592 wp-block-button\"><div class=\"uagb-button__wrapper\"><a class=\"uagb-buttons-repeater wp-block-button__link\" aria-label=\"\" href=\"#\" rel=\"follow noopener\" target=\"_self\" role=\"button\"><div class=\"uagb-button__link\">VER M\u00c1S<\/div><\/a><\/div><\/div>\n<\/div><\/div>\n<\/div>\n\n\n\n<div class=\"wp-block-uagb-container uagb-block-310e8fc4\">\n<div class=\"wp-block-uagb-image uagb-block-491498ee wp-block-uagb-image--layout-default wp-block-uagb-image--effect-static wp-block-uagb-image--align-none\"><figure class=\"wp-block-uagb-image__figure\"><img decoding=\"async\" srcset=\"https:\/\/artesanto.hostiw2.com\/4d\/wp-content\/uploads\/2025\/12\/capilladepiedra.png ,https:\/\/artesanto.hostiw2.com\/4d\/wp-content\/uploads\/2025\/12\/capilladepiedra.png 780w, https:\/\/artesanto.hostiw2.com\/4d\/wp-content\/uploads\/2025\/12\/capilladepiedra.png 360w\" sizes=\"auto, (max-width: 480px) 150px\" src=\"https:\/\/artesanto.hostiw2.com\/4d\/wp-content\/uploads\/2025\/12\/capilladepiedra.png\" alt=\"\" class=\"uag-image-49\" width=\"258\" height=\"258\" title=\"capilladepiedra\" loading=\"lazy\" role=\"img\"\/><\/figure><\/div>\n\n\n\n<div class=\"wp-block-uagb-image uagb-block-17a3d5fb wp-block-uagb-image--layout-default wp-block-uagb-image--effect-static wp-block-uagb-image--align-none\"><figure class=\"wp-block-uagb-image__figure\"><img decoding=\"async\" srcset=\"https:\/\/artesanto.hostiw2.com\/4d\/wp-content\/uploads\/2025\/12\/logo-capilla.png ,https:\/\/artesanto.hostiw2.com\/4d\/wp-content\/uploads\/2025\/12\/logo-capilla.png 780w, https:\/\/artesanto.hostiw2.com\/4d\/wp-content\/uploads\/2025\/12\/logo-capilla.png 360w\" sizes=\"auto, (max-width: 480px) 150px\" src=\"https:\/\/artesanto.hostiw2.com\/4d\/wp-content\/uploads\/2025\/12\/logo-capilla.png\" alt=\"\" class=\"uag-image-43\" width=\"98\" height=\"103\" title=\"logo-capilla\" loading=\"lazy\" role=\"img\"\/><\/figure><\/div>\n\n\n\n<div class=\"wp-block-uagb-buttons uagb-buttons__outer-wrap uagb-btn__default-btn uagb-btn-tablet__default-btn uagb-btn-mobile__default-btn uagb-block-13141324\"><div class=\"uagb-buttons__wrap uagb-buttons-layout-wrap \">\n<div class=\"wp-block-uagb-buttons-child uagb-buttons__outer-wrap uagb-block-02229497 wp-block-button\"><div class=\"uagb-button__wrapper\"><a class=\"uagb-buttons-repeater wp-block-button__link\" aria-label=\"\" href=\"#\" rel=\"follow noopener\" target=\"_self\" role=\"button\"><div class=\"uagb-button__link\">VER M\u00c1S<\/div><\/a><\/div><\/div>\n<\/div><\/div>\n<\/div>\n\n\n\n<div class=\"wp-block-uagb-container uagb-block-6dd73f83\">\n<div class=\"wp-block-uagb-image uagb-block-7364199f wp-block-uagb-image--layout-default wp-block-uagb-image--effect-static wp-block-uagb-image--align-none\"><figure class=\"wp-block-uagb-image__figure\"><img decoding=\"async\" srcset=\"https:\/\/artesanto.hostiw2.com\/4d\/wp-content\/uploads\/2025\/12\/cottonovo.png ,https:\/\/artesanto.hostiw2.com\/4d\/wp-content\/uploads\/2025\/12\/cottonovo.png 780w, https:\/\/artesanto.hostiw2.com\/4d\/wp-content\/uploads\/2025\/12\/cottonovo.png 360w\" sizes=\"auto, (max-width: 480px) 150px\" src=\"https:\/\/artesanto.hostiw2.com\/4d\/wp-content\/uploads\/2025\/12\/cottonovo.png\" alt=\"\" class=\"uag-image-46\" width=\"258\" height=\"258\" title=\"cottonovo\" loading=\"lazy\" role=\"img\"\/><\/figure><\/div>\n\n\n\n<div class=\"wp-block-uagb-image uagb-block-1179392f wp-block-uagb-image--layout-default wp-block-uagb-image--effect-static wp-block-uagb-image--align-none\"><figure class=\"wp-block-uagb-image__figure\"><img decoding=\"async\" srcset=\"https:\/\/artesanto.hostiw2.com\/4d\/wp-content\/uploads\/2025\/12\/logo-cotto.png ,https:\/\/artesanto.hostiw2.com\/4d\/wp-content\/uploads\/2025\/12\/logo-cotto.png 780w, https:\/\/artesanto.hostiw2.com\/4d\/wp-content\/uploads\/2025\/12\/logo-cotto.png 360w\" sizes=\"auto, (max-width: 480px) 150px\" src=\"https:\/\/artesanto.hostiw2.com\/4d\/wp-content\/uploads\/2025\/12\/logo-cotto.png\" alt=\"\" class=\"uag-image-44\" width=\"149\" height=\"58\" title=\"logo-cotto\" loading=\"lazy\" role=\"img\"\/><\/figure><\/div>\n\n\n\n<div class=\"wp-block-uagb-buttons uagb-buttons__outer-wrap uagb-btn__default-btn uagb-btn-tablet__default-btn uagb-btn-mobile__default-btn uagb-block-4f2e8319\"><div class=\"uagb-buttons__wrap uagb-buttons-layout-wrap \">\n<div class=\"wp-block-uagb-buttons-child uagb-buttons__outer-wrap uagb-block-ab9b3e68 wp-block-button\"><div class=\"uagb-button__wrapper\"><a class=\"uagb-buttons-repeater wp-block-button__link\" aria-label=\"\" href=\"#\" rel=\"follow noopener\" target=\"_self\" role=\"button\"><div class=\"uagb-button__link\">VER M\u00c1S<\/div><\/a><\/div><\/div>\n<\/div><\/div>\n<\/div>\n<\/div>\n\n\n\n<div class=\"wp-block-uagb-container uagb-block-f8e120af alignfull uagb-is-root-container\">\n<div class=\"wp-block-uagb-container uagb-block-6948be5a\"><\/div>\n\n\n\n<div class=\"wp-block-uagb-container uagb-block-1464e83e\"><\/div>\n<\/div>\n","protected":false},"excerpt":{"rendered":"<p>\u00bfQui\u00e9nes Somos? CUATRO Desarrollos (\u201c4D\u201d), es una empresa desarrolladora de proyectos inmobiliarios, con oficinas en Monterrey, N.L., Quer\u00e9taro, Qro., y [&hellip;]<\/p>\n","protected":false},"author":1,"featured_media":0,"parent":0,"menu_order":0,"comment_status":"closed","ping_status":"closed","template":"","meta":{"_uag_custom_page_level_css":"","site-sidebar-layout":"default","site-content-layout":"","ast-site-content-layout":"default","site-content-style":"default","site-sidebar-style":"default","ast-global-header-display":"","ast-banner-title-visibility":"","ast-main-header-display":"","ast-hfb-above-header-display":"","ast-hfb-below-header-display":"","ast-hfb-mobile-header-display":"","site-post-title":"disabled","ast-breadcrumbs-content":"","ast-featured-img":"","footer-sml-layout":"","ast-disable-related-posts":"","theme-transparent-header-meta":"","adv-header-id-meta":"","stick-header-meta":"","header-above-stick-meta":"","header-main-stick-meta":"","header-below-stick-meta":"","astra-migrate-meta-layouts":"default","ast-page-background-enabled":"default","ast-page-background-meta":{"desktop":{"background-color":"var(--ast-global-color-5)","background-image":"","background-repeat":"repeat","background-position":"center center","background-size":"auto","background-attachment":"scroll","background-type":"","background-media":"","overlay-type":"","overlay-color":"","overlay-opacity":"","overlay-gradient":""},"tablet":{"background-color":"","background-image":"","background-repeat":"repeat","background-position":"center center","background-size":"auto","background-attachment":"scroll","background-type":"","background-media":"","overlay-type":"","overlay-color":"","overlay-opacity":"","overlay-gradient":""},"mobile":{"background-color":"","background-image":"","background-repeat":"repeat","background-position":"center center","background-size":"auto","background-attachment":"scroll","background-type":"","background-media":"","overlay-type":"","overlay-color":"","overlay-opacity":"","overlay-gradient":""}},"ast-content-background-meta":{"desktop":{"background-color":"var(--ast-global-color-4)","background-image":"","background-repeat":"repeat","background-position":"center center","background-size":"auto","background-attachment":"scroll","background-type":"","background-media":"","overlay-type":"","overlay-color":"","overlay-opacity":"","overlay-gradient":""},"tablet":{"background-color":"var(--ast-global-color-4)","background-image":"","background-repeat":"repeat","background-position":"center center","background-size":"auto","background-attachment":"scroll","background-type":"","background-media":"","overlay-type":"","overlay-color":"","overlay-opacity":"","overlay-gradient":""},"mobile":{"background-color":"var(--ast-global-color-4)","background-image":"","background-repeat":"repeat","background-position":"center center","background-size":"auto","background-attachment":"scroll","background-type":"","background-media":"","overlay-type":"","overlay-color":"","overlay-opacity":"","overlay-gradient":""}},"footnotes":""},"class_list":["post-2","page","type-page","status-publish","hentry"],"uagb_featured_image_src":{"full":false,"thumbnail":false,"medium":false,"medium_large":false,"large":false,"1536x1536":false,"2048x2048":false},"uagb_author_info":{"display_name":"ness","author_link":"https:\/\/artesanto.hostiw2.com\/4d\/author\/ness\/"},"uagb_comment_info":0,"uagb_excerpt":"\u00bfQui\u00e9nes Somos? CUATRO Desarrollos (\u201c4D\u201d), es una empresa desarrolladora de proyectos inmobiliarios, con oficinas en Monterrey, N.L., Quer\u00e9taro, Qro., y [&hellip;]","_links":{"self":[{"href":"https:\/\/artesanto.hostiw2.com\/4d\/wp-json\/wp\/v2\/pages\/2","targetHints":{"allow":["GET"]}}],"collection":[{"href":"https:\/\/artesanto.hostiw2.com\/4d\/wp-json\/wp\/v2\/pages"}],"about":[{"href":"https:\/\/artesanto.hostiw2.com\/4d\/wp-json\/wp\/v2\/types\/page"}],"author":[{"embeddable":true,"href":"https:\/\/artesanto.hostiw2.com\/4d\/wp-json\/wp\/v2\/users\/1"}],"replies":[{"embeddable":true,"href":"https:\/\/artesanto.hostiw2.com\/4d\/wp-json\/wp\/v2\/comments?post=2"}],"version-history":[{"count":45,"href":"https:\/\/artesanto.hostiw2.com\/4d\/wp-json\/wp\/v2\/pages\/2\/revisions"}],"predecessor-version":[{"id":82,"href":"https:\/\/artesanto.hostiw2.com\/4d\/wp-json\/wp\/v2\/pages\/2\/revisions\/82"}],"wp:attachment":[{"href":"https:\/\/artesanto.hostiw2.com\/4d\/wp-json\/wp\/v2\/media?parent=2"}],"curies":[{"name":"wp","href":"https:\/\/api.w.org\/{rel}","templated":true}]}}