{"id":30,"date":"2026-01-09T17:39:03","date_gmt":"2026-01-09T17:39:03","guid":{"rendered":"https:\/\/artesanto.hostiw2.com\/n\/?page_id=30"},"modified":"2026-02-27T15:52:05","modified_gmt":"2026-02-27T15:52:05","slug":"contacto","status":"publish","type":"page","link":"https:\/\/artesanto.hostiw2.com\/n\/contacto\/","title":{"rendered":"Contacto"},"content":{"rendered":"<div class=\"et_pb_section_0 et_pb_section et_section_regular et_flex_section\">\n<div class=\"et_pb_row_0 et_pb_row et_flex_row\">\n<div class=\"et_pb_column_0 et_pb_column et_flex_column et_pb_column_empty et_pb_css_mix_blend_mode_passthrough et_flex_column_12_24 et_flex_column_24_24_tablet et_flex_column_24_24_phone\"><\/div>\n\n<div class=\"et_pb_column_1 et_pb_column et-last-child et_flex_column et_pb_css_mix_blend_mode_passthrough et_flex_column_12_24 et_flex_column_12_24_tablet et_flex_column_24_24_phone\">\n<div class=\"et_pb_text_0 et_pb_text et_pb_bg_layout_light et_pb_module et_flex_module\"><div class=\"et_pb_text_inner\"><h3>Descubre Artesanto<\/h3>\n<\/div><\/div>\n\n<div class=\"et_pb_text_1 et_pb_text et_pb_bg_layout_light et_pb_module et_flex_module\"><div class=\"et_pb_text_inner\" data-et-mv-hidden-tablet=\"true\"><h4>Queremos contarte m\u00e1s sobre Artesanto, comp\u00e1rtenos tus datos y uno<br \/>de nuestros asesores se pondr\u00e1 en contacto contigo a la brevedad.<\/h4>\n<\/div><\/div>\n\n<div class=\"et_pb_code_0 et_pb_code et_pb_module\"><div class=\"et_pb_code_inner\"><form id=\"form-contacto\" method=\"POST\" action=\"\/n\/wp-admin\/admin-post.php\" accept-charset=\"UTF-8\">\n\n  <input type=\"hidden\" name=\"action\" value=\"enviar_form_artesanto\">\n\n  <div class=\"campo-form\">\n    <label>Nombre<\/label>\n    <input type=\"text\" name=\"nombre\" placeholder=\"Tu nombre\" required autocomplete=\"name\">\n    <div class=\"error-text\">Campo obligatorio<\/div>\n  <\/div>\n\n  <div class=\"campo-form\">\n    <label>Correo electr\u00f3nico<\/label>\n    <input type=\"email\" name=\"correo\" placeholder=\"Tu correo electr\u00f3nico\" required autocomplete=\"email\">\n    <div class=\"error-text\">Campo obligatorio<\/div>\n  <\/div>\n\n  <div class=\"campo-form\">\n    <label>Tel\u00e9fono<\/label>\n    <input type=\"text\" name=\"telefono\" id=\"telefono\" placeholder=\"Tu tel\u00e9fono\" autocomplete=\"tel\">\n  <\/div>\n\n  <div class=\"campo-form\">\n    <label>Comentarios<\/label>\n    <textarea name=\"mensaje\" placeholder=\"\u00bfQu\u00e9 te gustar\u00eda saber sobre Artesanto?\"><\/textarea>\n  <\/div>\n\n  <div class=\"campo-check\">\n    <label class=\"check-container\">\n      <input type=\"checkbox\" name=\"privacidad\" required>\n      <span class=\"check-custom\"><\/span>\n      <span class=\"check-text\">\n        He le\u00eddo el <a href=\"https:\/\/artesanto.hostiw2.com\/n\/wp-content\/uploads\/2026\/01\/Aviso-de-Privacidad-Venko-Adquisiciones.docx.pdf\" target=\"_blank\">Aviso de privacidad<\/a>\n      <\/span>\n    <\/label>\n  <\/div>\n\n  <button type=\"button\" class=\"btn-cube-negativo btn-enviar-form-principal\">\n    <span class=\"cube-negativo\">\n      <span class=\"face-negativo front-negativo\">ENVIAR<\/span>\n      <span class=\"face-negativo top-negativo\">ENVIAR<\/span>\n    <\/span>\n  <\/button>\n\n<\/form><\/div><\/div>\n\n<div class=\"et_pb_text_2 et_pb_text et_pb_bg_layout_light et_pb_module et_flex_module\"><div class=\"et_pb_text_inner\"><h4>Tu informaci\u00f3n es confidencial y ser\u00e1 utilizada \u00fanicamente para contactarte.<\/h4>\n<\/div><\/div>\n\n<div class=\"et_pb_code_1 et_pb_code et_pb_module\"><div class=\"et_pb_code_inner\"><script>\ndocument.addEventListener(\"DOMContentLoaded\", function(){\n\n  const form = document.querySelector(\"#form-contacto\");\n  if(!form) return;\n\n  const telefono = document.querySelector(\"#telefono\");\n  const popup = document.querySelector(\"#popup-telefono\");\n  const telefonoPopup = document.querySelector(\"#telefono-popup\");\n  const checkbox = form.querySelector('input[name=\"privacidad\"]');\n  const checkboxLabel = checkbox.closest(\".check-container\");\n\n  function validarCampos(){\n    let valido = true;\n\n    const campos = form.querySelectorAll(\"input[required], textarea[required]\");\n\n    campos.forEach(campo => {\n      const contenedor = campo.closest(\".campo-form\");\n\n      if(!campo.checkValidity()){\n        contenedor?.classList.add(\"error\");\n        valido = false;\n      }else{\n        contenedor?.classList.remove(\"error\");\n      }\n    });\n\n    \/\/ Validar checkbox\n    if(!checkbox.checked){\n      checkboxLabel.classList.add(\"error\");\n      valido = false;\n    }else{\n      checkboxLabel.classList.remove(\"error\");\n    }\n\n    return valido;\n  }\n\n  document.addEventListener(\"click\", function(e){\n\n    \/* BOTON PRINCIPAL *\/\n    if(e.target.closest(\".btn-enviar-form-principal\")){\n      e.preventDefault();\n\n      if(!validarCampos()){\n        return;\n      }\n\n      \/* SI YA TIENE TELEFONO *\/\n      if(telefono && telefono.value.trim() !== \"\"){\n        form.requestSubmit();\n        return;\n      }\n\n      \/* SI NO TIENE TELEFONO -> ABRIR POPUP *\/\n      if(popup){\n        popup.style.display = \"flex\";\n        document.body.style.overflow = \"hidden\";\n      }\n    }\n\n    \/* BOTON COMPARTIR *\/\n    if(e.target.closest(\".btn-agregar-telefono\")){\n      e.preventDefault();\n\n      if(!validarCampos()){\n        return;\n      }\n\n      \/* COPIAR TELEFONO *\/\n      if(telefonoPopup && telefono && telefonoPopup.value.trim() !== \"\"){\n        telefono.value = telefonoPopup.value;\n      }\n\n      form.requestSubmit();\n    }\n\n    \/* BOTON SIN TELEFONO *\/\n    const btnSinTel = e.target.closest(\".btn-enviar-sin-telefono\");\n    if(btnSinTel){\n      e.preventDefault();\n      e.stopImmediatePropagation();\n\n      if(!validarCampos()){\n        return;\n      }\n\n      \/* YA NO cerramos el popup *\/\n      \/* solo enviamos *\/\n      form.requestSubmit();\n    }\n\n  });\n\n  \/* QUITAR ERROR AL ESCRIBIR *\/\n  form.querySelectorAll(\"input, textarea\").forEach(campo=>{\n    campo.addEventListener(\"input\", function(){\n      if(campo.checkValidity()){\n        campo.closest(\".campo-form\")?.classList.remove(\"error\");\n      }\n    });\n  });\n\n  \/* QUITAR ERROR AL MARCAR CHECKBOX *\/\n  checkbox.addEventListener(\"change\", function(){\n    if(checkbox.checked){\n      checkboxLabel.classList.remove(\"error\");\n    }\n  });\n\n});\n<\/script><\/div><\/div>\n<\/div>\n<\/div>\n\n<div class=\"et_pb_row_1 et_pb_row et_flex_row\" id=\"popup-telefono\">\n<div class=\"et_pb_column_2 et_pb_column et-last-child et_flex_column et_pb_css_mix_blend_mode_passthrough et_flex_column_24_24\">\n<div class=\"et_pb_text_3 et_pb_text et_pb_bg_layout_light et_pb_module et_flex_module\"><div class=\"et_pb_text_inner\"><h1>\u00a1Gracias por compartirnos tus datos!<\/h1>\n<\/div><\/div>\n\n<div class=\"et_pb_text_4 et_pb_text et_pb_bg_layout_light et_pb_module et_flex_module\"><div class=\"et_pb_text_inner\" data-et-mv-hidden-phone=\"true\"><h4>Para brindarte una atenci\u00f3n m\u00e1s personalizada, \u00bfte gustar\u00eda dejarnos tu n\u00famero de tel\u00e9fono?<br \/>Nos ayudar\u00e1 a acompa\u00f1arte de forma m\u00e1s directa y resolver cualquier duda.<\/h4>\n<\/div><\/div>\n\n<div class=\"et_pb_text_5 et_pb_text et_pb_bg_layout_light et_pb_module et_flex_module et_flex_column_24_24 et_flex_column_24_24_tablet\"><div class=\"et_pb_text_inner\"><h4>Tel\u00e9fono<\/h4>\n<\/div><\/div>\n\n<div class=\"et_pb_code_2 et_pb_code et_pb_module\"><div class=\"et_pb_code_inner\"><input type=\"text\" id=\"telefono-popup\" class=\"input-telefono-popup\" placeholder=\"Tu tel\u00e9fono\"><\/div><\/div>\n\n<div class=\"et_pb_code_3 et_pb_code et_pb_text_align_center et_pb_module\"><div class=\"et_pb_code_inner\"><button type=\"button\" class=\"btn-cube-negativo btn-agregar-telefono\">\n  <span class=\"cube-negativo\">\n    <span class=\"face-negativo front-negativo\">COMPARTIR<\/span>\n    <span class=\"face-negativo top-negativo\">COMPARTIR<\/span>\n  <\/span>\n<\/button><\/div><\/div>\n\n<div class=\"et_pb_code_4 et_pb_code et_pb_text_align_center et_pb_module\"><div class=\"et_pb_code_inner\"><button type=\"button\" class=\"btn-enviar-sin-telefono btn-text-simple\">\n  POR AHORA NO, GRACIAS\n<\/button><\/div><\/div>\n<\/div>\n<\/div>\n<\/div>","protected":false},"excerpt":{"rendered":"","protected":false},"author":1,"featured_media":0,"parent":0,"menu_order":0,"comment_status":"closed","ping_status":"closed","template":"","meta":{"inline_featured_image":false,"footnotes":""},"dipi_cpt_category":[],"class_list":["post-30","page","type-page","status-publish","hentry"],"_links":{"self":[{"href":"https:\/\/artesanto.hostiw2.com\/n\/wp-json\/wp\/v2\/pages\/30","targetHints":{"allow":["GET"]}}],"collection":[{"href":"https:\/\/artesanto.hostiw2.com\/n\/wp-json\/wp\/v2\/pages"}],"about":[{"href":"https:\/\/artesanto.hostiw2.com\/n\/wp-json\/wp\/v2\/types\/page"}],"author":[{"embeddable":true,"href":"https:\/\/artesanto.hostiw2.com\/n\/wp-json\/wp\/v2\/users\/1"}],"replies":[{"embeddable":true,"href":"https:\/\/artesanto.hostiw2.com\/n\/wp-json\/wp\/v2\/comments?post=30"}],"version-history":[{"count":55,"href":"https:\/\/artesanto.hostiw2.com\/n\/wp-json\/wp\/v2\/pages\/30\/revisions"}],"predecessor-version":[{"id":27397973,"href":"https:\/\/artesanto.hostiw2.com\/n\/wp-json\/wp\/v2\/pages\/30\/revisions\/27397973"}],"wp:attachment":[{"href":"https:\/\/artesanto.hostiw2.com\/n\/wp-json\/wp\/v2\/media?parent=30"}],"wp:term":[{"taxonomy":"dipi_cpt_category","embeddable":true,"href":"https:\/\/artesanto.hostiw2.com\/n\/wp-json\/wp\/v2\/dipi_cpt_category?post=30"}],"curies":[{"name":"wp","href":"https:\/\/api.w.org\/{rel}","templated":true}]}}